{"id":6639,"date":"2009-05-06T11:43:24","date_gmt":"2009-05-06T16:43:24","guid":{"rendered":"http:\/\/wpzoom.com\/zenko\/demo\/?page_id=3"},"modified":"2021-12-24T14:07:53","modified_gmt":"2021-12-24T13:07:53","slug":"contact-2","status":"publish","type":"page","link":"https:\/\/residencelapiazza.com\/?page_id=6639","title":{"rendered":"Contact"},"content":{"rendered":"\t\t<div data-elementor-type=\"wp-page\" data-elementor-id=\"6639\" class=\"elementor elementor-6639\" data-elementor-settings=\"[]\">\n\t\t\t\t\t\t<div class=\"elementor-inner\">\n\t\t\t\t\t\t\t<div class=\"elementor-section-wrap\">\n\t\t\t\t\t\t\t<section class=\"elementor-section elementor-top-section elementor-element elementor-element-e9a6140 elementor-section-boxed elementor-section-height-default elementor-section-height-default\" data-id=\"e9a6140\" data-element_type=\"section\">\n\t\t\t\t\t\t<div class=\"elementor-container elementor-column-gap-default\">\n\t\t\t\t\t\t\t<div class=\"elementor-row\">\n\t\t\t\t\t\t\t\t\t<\/div>\n\t\t\t\t\t<\/div>\n\t\t<\/section>\n\t\t\t\t<section class=\"elementor-section elementor-top-section elementor-element elementor-element-597b8389 elementor-section-boxed elementor-section-height-default elementor-section-height-default\" data-id=\"597b8389\" data-element_type=\"section\">\n\t\t\t\t\t\t<div class=\"elementor-container elementor-column-gap-wider\">\n\t\t\t\t\t\t\t<div class=\"elementor-row\">\n\t\t\t\t\t<div class=\"elementor-column elementor-col-50 elementor-top-column elementor-element elementor-element-9fda0ef\" data-id=\"9fda0ef\" data-element_type=\"column\">\n\t\t\t<div class=\"elementor-column-wrap elementor-element-populated\">\n\t\t\t\t\t\t\t<div class=\"elementor-widget-wrap\">\n\t\t\t\t\t\t<div class=\"elementor-element elementor-element-2ea923a7 elementor-widget elementor-widget-google_maps\" data-id=\"2ea923a7\" data-element_type=\"widget\" data-widget_type=\"google_maps.default\">\n\t\t\t\t<div class=\"elementor-widget-container\">\n\t\t\t\t\t<div class=\"elementor-custom-embed\">\n\t\t\t<iframe frameborder=\"0\" scrolling=\"no\" marginheight=\"0\" marginwidth=\"0\"\n\t\t\t\t\tsrc=\"https:\/\/maps.google.com\/maps?q=4%20rue%20tindjoub%20annaba%20&#038;t=m&#038;z=15&#038;output=embed&#038;iwloc=near\"\n\t\t\t\t\ttitle=\"4 rue tindjoub annaba \"\n\t\t\t\t\taria-label=\"4 rue tindjoub annaba \"\n\t\t\t><\/iframe>\n\t\t<\/div>\n\t\t\t\t<\/div>\n\t\t\t\t<\/div>\n\t\t\t\t<section class=\"elementor-section elementor-inner-section elementor-element elementor-element-481bfb11 elementor-section-boxed elementor-section-height-default elementor-section-height-default\" data-id=\"481bfb11\" data-element_type=\"section\">\n\t\t\t\t\t\t<div class=\"elementor-container elementor-column-gap-no\">\n\t\t\t\t\t\t\t<div class=\"elementor-row\">\n\t\t\t\t\t<div class=\"elementor-column elementor-col-50 elementor-inner-column elementor-element elementor-element-6b3e170\" data-id=\"6b3e170\" data-element_type=\"column\">\n\t\t\t<div class=\"elementor-column-wrap elementor-element-populated\">\n\t\t\t\t\t\t\t<div class=\"elementor-widget-wrap\">\n\t\t\t\t\t\t<div class=\"elementor-element elementor-element-5d846e0 elementor-widget elementor-widget-text-editor\" data-id=\"5d846e0\" data-element_type=\"widget\" data-widget_type=\"text-editor.default\">\n\t\t\t\t<div class=\"elementor-widget-container\">\n\t\t\t\t\t\t\t\t<div class=\"elementor-text-editor elementor-clearfix\">\n\t\t\t\t<h4>Adresse<\/h4><p>4 rue Tindjoub<br \/>Annaba, 23000,<br \/>Alg\u00e9rie<\/p>\t\t\t\t\t<\/div>\n\t\t\t\t\t\t<\/div>\n\t\t\t\t<\/div>\n\t\t\t\t\t\t<\/div>\n\t\t\t\t\t<\/div>\n\t\t<\/div>\n\t\t\t\t<div class=\"elementor-column elementor-col-50 elementor-inner-column elementor-element elementor-element-6d78bc32\" data-id=\"6d78bc32\" data-element_type=\"column\">\n\t\t\t<div class=\"elementor-column-wrap elementor-element-populated\">\n\t\t\t\t\t\t\t<div class=\"elementor-widget-wrap\">\n\t\t\t\t\t\t<div class=\"elementor-element elementor-element-8f318a elementor-widget elementor-widget-text-editor\" data-id=\"8f318a\" data-element_type=\"widget\" data-widget_type=\"text-editor.default\">\n\t\t\t\t<div class=\"elementor-widget-container\">\n\t\t\t\t\t\t\t\t<div class=\"elementor-text-editor elementor-clearfix\">\n\t\t\t\t\t\t\t\t\t<\/div>\n\t\t\t\t\t\t<\/div>\n\t\t\t\t<\/div>\n\t\t\t\t\t\t<\/div>\n\t\t\t\t\t<\/div>\n\t\t<\/div>\n\t\t\t\t\t\t\t\t<\/div>\n\t\t\t\t\t<\/div>\n\t\t<\/section>\n\t\t\t\t<div class=\"elementor-element elementor-element-4d83e681 elementor-widget elementor-widget-text-editor\" data-id=\"4d83e681\" data-element_type=\"widget\" data-widget_type=\"text-editor.default\">\n\t\t\t\t<div class=\"elementor-widget-container\">\n\t\t\t\t\t\t\t\t<div class=\"elementor-text-editor elementor-clearfix\">\n\t\t\t\t<h4>Suivez-nous sur les r\u00e9seaux sociaux<\/h4>\t\t\t\t\t<\/div>\n\t\t\t\t\t\t<\/div>\n\t\t\t\t<\/div>\n\t\t\t\t<div class=\"elementor-element elementor-element-4d7e2f56 elementor-icon-list--layout-inline elementor-list-item-link-full_width elementor-widget elementor-widget-icon-list\" data-id=\"4d7e2f56\" data-element_type=\"widget\" data-widget_type=\"icon-list.default\">\n\t\t\t\t<div class=\"elementor-widget-container\">\n\t\t\t\t\t<ul class=\"elementor-icon-list-items elementor-inline-items\">\n\t\t\t\t\t\t\t<li class=\"elementor-icon-list-item elementor-inline-item\">\n\t\t\t\t\t\t\t\t\t\t\t<a href=\"http:\/\/facebook.com\/promotionlapiazza\">\n\n\t\t\t\t\t\t\t\t\t\t\t\t<span class=\"elementor-icon-list-icon\">\n\t\t\t\t\t\t\t<i aria-hidden=\"true\" class=\"fab fa-facebook\"><\/i>\t\t\t\t\t\t<\/span>\n\t\t\t\t\t\t\t\t\t\t<span class=\"elementor-icon-list-text\"><\/span>\n\t\t\t\t\t\t\t\t\t\t\t<\/a>\n\t\t\t\t\t\t\t\t\t<\/li>\n\t\t\t\t\t\t<\/ul>\n\t\t\t\t<\/div>\n\t\t\t\t<\/div>\n\t\t\t\t\t\t<\/div>\n\t\t\t\t\t<\/div>\n\t\t<\/div>\n\t\t\t\t<div class=\"elementor-column elementor-col-50 elementor-top-column elementor-element elementor-element-24c75318\" data-id=\"24c75318\" data-element_type=\"column\">\n\t\t\t<div class=\"elementor-column-wrap elementor-element-populated\">\n\t\t\t\t\t\t\t<div class=\"elementor-widget-wrap\">\n\t\t\t\t\t\t<div class=\"elementor-element elementor-element-750353aa elementor-widget elementor-widget-text-editor\" data-id=\"750353aa\" data-element_type=\"widget\" data-widget_type=\"text-editor.default\">\n\t\t\t\t<div class=\"elementor-widget-container\">\n\t\t\t\t\t\t\t\t<div class=\"elementor-text-editor elementor-clearfix\">\n\t\t\t\t<p>N&#8217;h\u00e9sitez pas \u00e0 prendre contact avec nous. Nous sommes toujours pr\u00eats \u00e0 discuter d&#8217;id\u00e9es cr\u00e9atives et de vos projets immobiliers.<\/p><div role=\"form\" class=\"wpcf7\" id=\"wpcf7-f33-o1\" lang=\"fr-FR\" dir=\"ltr\">\n<div class=\"screen-reader-response\"><p role=\"status\" aria-live=\"polite\" aria-atomic=\"true\"><\/p> <ul><\/ul><\/div>\n<form action=\"\/index.php?rest_route=%2Fwp%2Fv2%2Fpages%2F6639#wpcf7-f33-o1\" method=\"post\" class=\"wpcf7-form init\" novalidate=\"novalidate\" data-status=\"init\">\n<div style=\"display: none;\">\n<input type=\"hidden\" name=\"_wpcf7\" value=\"33\" \/>\n<input type=\"hidden\" name=\"_wpcf7_version\" value=\"5.5.6\" \/>\n<input type=\"hidden\" name=\"_wpcf7_locale\" value=\"fr_FR\" \/>\n<input type=\"hidden\" name=\"_wpcf7_unit_tag\" value=\"wpcf7-f33-o1\" \/>\n<input type=\"hidden\" name=\"_wpcf7_container_post\" value=\"0\" \/>\n<input type=\"hidden\" name=\"_wpcf7_posted_data_hash\" value=\"\" \/>\n<input type=\"hidden\" name=\"_wpcf7_recaptcha_response\" value=\"\" \/>\n<\/div>\n<p><label> Votre nom (obligatoire)<br \/>\n    <span class=\"wpcf7-form-control-wrap your-name\"><input type=\"text\" name=\"your-name\" value=\"\" size=\"40\" class=\"wpcf7-form-control wpcf7-text wpcf7-validates-as-required\" aria-required=\"true\" aria-invalid=\"false\" \/><\/span> <\/label><\/p>\n<p><label> Votre adresse de messagerie (obligatoire)<br \/>\n    <span class=\"wpcf7-form-control-wrap your-email\"><input type=\"email\" name=\"your-email\" value=\"\" size=\"40\" class=\"wpcf7-form-control wpcf7-text wpcf7-email wpcf7-validates-as-required wpcf7-validates-as-email\" aria-required=\"true\" aria-invalid=\"false\" \/><\/span> <\/label><\/p>\n<p><label> Objet<br \/>\n    <span class=\"wpcf7-form-control-wrap your-subject\"><input type=\"text\" name=\"your-subject\" value=\"\" size=\"40\" class=\"wpcf7-form-control wpcf7-text\" aria-invalid=\"false\" \/><\/span> <\/label><\/p>\n<p><label> Votre message<br \/>\n    <span class=\"wpcf7-form-control-wrap your-message\"><textarea name=\"your-message\" cols=\"40\" rows=\"10\" class=\"wpcf7-form-control wpcf7-textarea\" aria-invalid=\"false\"><\/textarea><\/span> <\/label><\/p>\n<p><input type=\"submit\" value=\"Envoyer\" class=\"wpcf7-form-control has-spinner wpcf7-submit\" \/><\/p>\n<p style=\"display: none !important;\"><label>&#916;<textarea name=\"_wpcf7_ak_hp_textarea\" cols=\"45\" rows=\"8\" maxlength=\"100\"><\/textarea><\/label><input type=\"hidden\" id=\"ak_js_1\" name=\"_wpcf7_ak_js\" value=\"126\"\/><script>document.getElementById( \"ak_js_1\" ).setAttribute( \"value\", ( new Date() ).getTime() );<\/script><\/p><div class=\"wpcf7-response-output\" aria-hidden=\"true\"><\/div><\/form><\/div>\t\t\t\t\t<\/div>\n\t\t\t\t\t\t<\/div>\n\t\t\t\t<\/div>\n\t\t\t\t\t\t<\/div>\n\t\t\t\t\t<\/div>\n\t\t<\/div>\n\t\t\t\t\t\t\t\t<\/div>\n\t\t\t\t\t<\/div>\n\t\t<\/section>\n\t\t\t\t<section class=\"elementor-section elementor-top-section elementor-element elementor-element-17c65841 elementor-section-boxed elementor-section-height-default elementor-section-height-default\" data-id=\"17c65841\" data-element_type=\"section\">\n\t\t\t\t\t\t<div class=\"elementor-container elementor-column-gap-default\">\n\t\t\t\t\t\t\t<div class=\"elementor-row\">\n\t\t\t\t\t\t\t\t\t<\/div>\n\t\t\t\t\t<\/div>\n\t\t<\/section>\n\t\t\t\t<section class=\"elementor-section elementor-top-section elementor-element elementor-element-3d71d871 elementor-section-full_width elementor-section-height-default elementor-section-height-default\" data-id=\"3d71d871\" data-element_type=\"section\" data-settings=\"{&quot;background_background&quot;:&quot;classic&quot;}\">\n\t\t\t\t\t\t<div class=\"elementor-container elementor-column-gap-default\">\n\t\t\t\t\t\t\t<div class=\"elementor-row\">\n\t\t\t\t\t<div class=\"elementor-column elementor-col-100 elementor-top-column elementor-element elementor-element-64dabaca\" data-id=\"64dabaca\" data-element_type=\"column\" data-settings=\"{&quot;background_background&quot;:&quot;classic&quot;}\">\n\t\t\t<div class=\"elementor-column-wrap elementor-element-populated\">\n\t\t\t\t\t\t\t<div class=\"elementor-widget-wrap\">\n\t\t\t\t\t\t<div class=\"elementor-element elementor-element-3e9394e4 elementor-widget elementor-widget-heading\" data-id=\"3e9394e4\" data-element_type=\"widget\" data-widget_type=\"heading.default\">\n\t\t\t\t<div class=\"elementor-widget-container\">\n\t\t\t<h2 class=\"elementor-heading-title elementor-size-default\">L'emplacement<\/h2>\t\t<\/div>\n\t\t\t\t<\/div>\n\t\t\t\t<div class=\"elementor-element elementor-element-5fb5a39b elementor-widget-tablet__width-inherit elementor-widget-mobile__width-inherit elementor-widget elementor-widget-text-editor\" data-id=\"5fb5a39b\" data-element_type=\"widget\" data-widget_type=\"text-editor.default\">\n\t\t\t\t<div class=\"elementor-widget-container\">\n\t\t\t\t\t\t\t\t<div class=\"elementor-text-editor elementor-clearfix\">\n\t\t\t\t<p>El Bouni, Annaba<\/p>\t\t\t\t\t<\/div>\n\t\t\t\t\t\t<\/div>\n\t\t\t\t<\/div>\n\t\t\t\t<div class=\"elementor-element elementor-element-7ab7015a elementor-widget elementor-widget-google_maps\" data-id=\"7ab7015a\" data-element_type=\"widget\" data-widget_type=\"google_maps.default\">\n\t\t\t\t<div class=\"elementor-widget-container\">\n\t\t\t\t\t<div class=\"elementor-custom-embed\">\n\t\t\t<iframe frameborder=\"0\" scrolling=\"no\" marginheight=\"0\" marginwidth=\"0\"\n\t\t\t\t\tsrc=\"https:\/\/maps.google.com\/maps?q=R%C3%A9sidence%20la%20piazza%2C%20el%20bouni%2C%20annaba&#038;t=m&#038;z=14&#038;output=embed&#038;iwloc=near\"\n\t\t\t\t\ttitle=\"R\u00e9sidence la piazza, el bouni, annaba\"\n\t\t\t\t\taria-label=\"R\u00e9sidence la piazza, el bouni, annaba\"\n\t\t\t><\/iframe>\n\t\t<\/div>\n\t\t\t\t<\/div>\n\t\t\t\t<\/div>\n\t\t\t\t\t\t<\/div>\n\t\t\t\t\t<\/div>\n\t\t<\/div>\n\t\t\t\t\t\t\t\t<\/div>\n\t\t\t\t\t<\/div>\n\t\t<\/section>\n\t\t\t\t\t\t<\/div>\n\t\t\t\t\t\t<\/div>\n\t\t\t\t\t<\/div>\n\t\t","protected":false},"excerpt":{"rendered":"<p>Adresse 4 rue TindjoubAnnaba, 23000,Alg\u00e9rie Suivez-nous sur les r\u00e9seaux sociaux N&#8217;h\u00e9sitez pas \u00e0 prendre contact avec nous. Nous sommes toujours pr\u00eats \u00e0 discuter d&#8217;id\u00e9es cr\u00e9atives et de vos projets immobiliers. L&#8217;emplacement El Bouni, Annaba<\/p>\n","protected":false},"author":1,"featured_media":0,"parent":0,"menu_order":0,"comment_status":"closed","ping_status":"closed","template":"page-templates\/full-width-builder-bb.php","meta":{"_monsterinsights_skip_tracking":false,"_monsterinsights_sitenote_active":false,"_monsterinsights_sitenote_note":"","_monsterinsights_sitenote_category":0,"footnotes":""},"class_list":["post-6639","page","type-page","status-publish","hentry"],"yoast_head":"<!-- This site is optimized with the Yoast SEO plugin v18.2 - https:\/\/yoast.com\/wordpress\/plugins\/seo\/ -->\n<title>Contact - La Piazza<\/title>\n<meta name=\"robots\" content=\"index, follow, max-snippet:-1, max-image-preview:large, max-video-preview:-1\" \/>\n<link rel=\"canonical\" href=\"https:\/\/residencelapiazza.com\/?page_id=6639\" \/>\n<meta property=\"og:locale\" content=\"en_US\" \/>\n<meta property=\"og:type\" content=\"article\" \/>\n<meta property=\"og:title\" content=\"Contact - La Piazza\" \/>\n<meta property=\"og:description\" content=\"Adresse 4 rue TindjoubAnnaba, 23000,Alg\u00e9rie Suivez-nous sur les r\u00e9seaux sociaux N&#8217;h\u00e9sitez pas \u00e0 prendre contact avec nous. Nous sommes toujours pr\u00eats \u00e0 discuter d&#8217;id\u00e9es cr\u00e9atives et de vos projets immobiliers. L&#8217;emplacement El Bouni, Annaba\" \/>\n<meta property=\"og:url\" content=\"https:\/\/residencelapiazza.com\/?page_id=6639\" \/>\n<meta property=\"og:site_name\" content=\"La Piazza\" \/>\n<meta property=\"article:modified_time\" content=\"2021-12-24T13:07:53+00:00\" \/>\n<meta name=\"twitter:card\" content=\"summary_large_image\" \/>\n<meta name=\"twitter:label1\" content=\"Est. reading time\" \/>\n\t<meta name=\"twitter:data1\" content=\"1 minute\" \/>\n<script type=\"application\/ld+json\" class=\"yoast-schema-graph\">{\"@context\":\"https:\/\/schema.org\",\"@graph\":[{\"@type\":\"Organization\",\"@id\":\"https:\/\/residencelapiazza.com\/#organization\",\"name\":\"La Piazza - R\u00e9sidence La Piazza\",\"url\":\"https:\/\/residencelapiazza.com\/\",\"sameAs\":[],\"logo\":{\"@type\":\"ImageObject\",\"@id\":\"https:\/\/residencelapiazza.com\/#logo\",\"inLanguage\":\"en-US\",\"url\":\"https:\/\/residencelapiazza.com\/wp-content\/uploads\/LOGOS\/cropped-logo_snc_ghimouz_immo.png\",\"contentUrl\":\"https:\/\/residencelapiazza.com\/wp-content\/uploads\/LOGOS\/cropped-logo_snc_ghimouz_immo.png\",\"width\":1175,\"height\":400,\"caption\":\"La Piazza - R\u00e9sidence La Piazza\"},\"image\":{\"@id\":\"https:\/\/residencelapiazza.com\/#logo\"}},{\"@type\":\"WebSite\",\"@id\":\"https:\/\/residencelapiazza.com\/#website\",\"url\":\"https:\/\/residencelapiazza.com\/\",\"name\":\"La Piazza\",\"description\":\"R\u00e9sidence La Piazza\",\"publisher\":{\"@id\":\"https:\/\/residencelapiazza.com\/#organization\"},\"potentialAction\":[{\"@type\":\"SearchAction\",\"target\":{\"@type\":\"EntryPoint\",\"urlTemplate\":\"https:\/\/residencelapiazza.com\/?s={search_term_string}\"},\"query-input\":\"required name=search_term_string\"}],\"inLanguage\":\"en-US\"},{\"@type\":\"WebPage\",\"@id\":\"https:\/\/residencelapiazza.com\/?page_id=6639#webpage\",\"url\":\"https:\/\/residencelapiazza.com\/?page_id=6639\",\"name\":\"Contact - La Piazza\",\"isPartOf\":{\"@id\":\"https:\/\/residencelapiazza.com\/#website\"},\"datePublished\":\"2009-05-06T16:43:24+00:00\",\"dateModified\":\"2021-12-24T13:07:53+00:00\",\"breadcrumb\":{\"@id\":\"https:\/\/residencelapiazza.com\/?page_id=6639#breadcrumb\"},\"inLanguage\":\"en-US\",\"potentialAction\":[{\"@type\":\"ReadAction\",\"target\":[\"https:\/\/residencelapiazza.com\/?page_id=6639\"]}]},{\"@type\":\"BreadcrumbList\",\"@id\":\"https:\/\/residencelapiazza.com\/?page_id=6639#breadcrumb\",\"itemListElement\":[{\"@type\":\"ListItem\",\"position\":1,\"name\":\"Home\",\"item\":\"https:\/\/residencelapiazza.com\/\"},{\"@type\":\"ListItem\",\"position\":2,\"name\":\"Contact\"}]}]}<\/script>\n<!-- \/ Yoast SEO plugin. -->","yoast_head_json":{"title":"Contact - La Piazza","robots":{"index":"index","follow":"follow","max-snippet":"max-snippet:-1","max-image-preview":"max-image-preview:large","max-video-preview":"max-video-preview:-1"},"canonical":"https:\/\/residencelapiazza.com\/?page_id=6639","og_locale":"en_US","og_type":"article","og_title":"Contact - La Piazza","og_description":"Adresse 4 rue TindjoubAnnaba, 23000,Alg\u00e9rie Suivez-nous sur les r\u00e9seaux sociaux N&#8217;h\u00e9sitez pas \u00e0 prendre contact avec nous. Nous sommes toujours pr\u00eats \u00e0 discuter d&#8217;id\u00e9es cr\u00e9atives et de vos projets immobiliers. L&#8217;emplacement El Bouni, Annaba","og_url":"https:\/\/residencelapiazza.com\/?page_id=6639","og_site_name":"La Piazza","article_modified_time":"2021-12-24T13:07:53+00:00","twitter_card":"summary_large_image","twitter_misc":{"Est. reading time":"1 minute"},"schema":{"@context":"https:\/\/schema.org","@graph":[{"@type":"Organization","@id":"https:\/\/residencelapiazza.com\/#organization","name":"La Piazza - R\u00e9sidence La Piazza","url":"https:\/\/residencelapiazza.com\/","sameAs":[],"logo":{"@type":"ImageObject","@id":"https:\/\/residencelapiazza.com\/#logo","inLanguage":"en-US","url":"https:\/\/residencelapiazza.com\/wp-content\/uploads\/LOGOS\/cropped-logo_snc_ghimouz_immo.png","contentUrl":"https:\/\/residencelapiazza.com\/wp-content\/uploads\/LOGOS\/cropped-logo_snc_ghimouz_immo.png","width":1175,"height":400,"caption":"La Piazza - R\u00e9sidence La Piazza"},"image":{"@id":"https:\/\/residencelapiazza.com\/#logo"}},{"@type":"WebSite","@id":"https:\/\/residencelapiazza.com\/#website","url":"https:\/\/residencelapiazza.com\/","name":"La Piazza","description":"R\u00e9sidence La Piazza","publisher":{"@id":"https:\/\/residencelapiazza.com\/#organization"},"potentialAction":[{"@type":"SearchAction","target":{"@type":"EntryPoint","urlTemplate":"https:\/\/residencelapiazza.com\/?s={search_term_string}"},"query-input":"required name=search_term_string"}],"inLanguage":"en-US"},{"@type":"WebPage","@id":"https:\/\/residencelapiazza.com\/?page_id=6639#webpage","url":"https:\/\/residencelapiazza.com\/?page_id=6639","name":"Contact - La Piazza","isPartOf":{"@id":"https:\/\/residencelapiazza.com\/#website"},"datePublished":"2009-05-06T16:43:24+00:00","dateModified":"2021-12-24T13:07:53+00:00","breadcrumb":{"@id":"https:\/\/residencelapiazza.com\/?page_id=6639#breadcrumb"},"inLanguage":"en-US","potentialAction":[{"@type":"ReadAction","target":["https:\/\/residencelapiazza.com\/?page_id=6639"]}]},{"@type":"BreadcrumbList","@id":"https:\/\/residencelapiazza.com\/?page_id=6639#breadcrumb","itemListElement":[{"@type":"ListItem","position":1,"name":"Home","item":"https:\/\/residencelapiazza.com\/"},{"@type":"ListItem","position":2,"name":"Contact"}]}]}},"_links":{"self":[{"href":"https:\/\/residencelapiazza.com\/index.php?rest_route=\/wp\/v2\/pages\/6639","targetHints":{"allow":["GET"]}}],"collection":[{"href":"https:\/\/residencelapiazza.com\/index.php?rest_route=\/wp\/v2\/pages"}],"about":[{"href":"https:\/\/residencelapiazza.com\/index.php?rest_route=\/wp\/v2\/types\/page"}],"author":[{"embeddable":true,"href":"https:\/\/residencelapiazza.com\/index.php?rest_route=\/wp\/v2\/users\/1"}],"replies":[{"embeddable":true,"href":"https:\/\/residencelapiazza.com\/index.php?rest_route=%2Fwp%2Fv2%2Fcomments&post=6639"}],"version-history":[{"count":18,"href":"https:\/\/residencelapiazza.com\/index.php?rest_route=\/wp\/v2\/pages\/6639\/revisions"}],"predecessor-version":[{"id":6806,"href":"https:\/\/residencelapiazza.com\/index.php?rest_route=\/wp\/v2\/pages\/6639\/revisions\/6806"}],"wp:attachment":[{"href":"https:\/\/residencelapiazza.com\/index.php?rest_route=%2Fwp%2Fv2%2Fmedia&parent=6639"}],"curies":[{"name":"wp","href":"https:\/\/api.w.org\/{rel}","templated":true}]}}