{"id":5592,"date":"2016-12-05T09:17:34","date_gmt":"2016-12-05T09:17:34","guid":{"rendered":"http:\/\/demo.wpzoom.com\/inspiro\/?page_id=5592"},"modified":"2021-12-24T14:07:53","modified_gmt":"2021-12-24T13:07:53","slug":"about","status":"publish","type":"page","link":"https:\/\/residencelapiazza.com\/?page_id=5592","title":{"rendered":"Les plans"},"content":{"rendered":"\t\t<div data-elementor-type=\"wp-page\" data-elementor-id=\"5592\" class=\"elementor elementor-5592\" data-elementor-settings=\"[]\">\n\t\t\t\t\t\t<div class=\"elementor-inner\">\n\t\t\t\t\t\t\t<div class=\"elementor-section-wrap\">\n\t\t\t\t\t\t\t<section class=\"elementor-section elementor-top-section elementor-element elementor-element-6dd5e545 elementor-section-boxed elementor-section-height-default elementor-section-height-default\" data-id=\"6dd5e545\" data-element_type=\"section\">\n\t\t\t\t\t\t<div class=\"elementor-container elementor-column-gap-no\">\n\t\t\t\t\t\t\t<div class=\"elementor-row\">\n\t\t\t\t\t<div class=\"elementor-column elementor-col-100 elementor-top-column elementor-element elementor-element-35934f08\" data-id=\"35934f08\" data-element_type=\"column\">\n\t\t\t<div class=\"elementor-column-wrap elementor-element-populated\">\n\t\t\t\t\t\t\t<div class=\"elementor-widget-wrap\">\n\t\t\t\t\t\t<div class=\"elementor-element elementor-element-bec0669 elementor-widget elementor-widget-heading\" data-id=\"bec0669\" data-element_type=\"widget\" data-widget_type=\"heading.default\">\n\t\t\t\t<div class=\"elementor-widget-container\">\n\t\t\t<h2 class=\"elementor-heading-title elementor-size-default\">Les plans des appartements seront bient\u00f4t disponibles<\/h2>\t\t<\/div>\n\t\t\t\t<\/div>\n\t\t\t\t<div class=\"elementor-element elementor-element-89ab21a elementor-widget elementor-widget-image\" data-id=\"89ab21a\" data-element_type=\"widget\" data-widget_type=\"image.default\">\n\t\t\t\t<div class=\"elementor-widget-container\">\n\t\t\t\t\t\t\t\t<div class=\"elementor-image\">\n\t\t\t\t\t\t\t\t\t\t\t\t<img decoding=\"async\" src=\"https:\/\/residencelapiazza.com\/wp-content\/uploads\/PLANS\/MASSE\/Plan_de_masse.jpg\" title=\"\" alt=\"\" \/>\t\t\t\t\t\t\t\t\t\t\t\t\t\t<\/div>\n\t\t\t\t\t\t<\/div>\n\t\t\t\t<\/div>\n\t\t\t\t<section class=\"elementor-section elementor-inner-section elementor-element elementor-element-7a19ee1 elementor-section-full_width elementor-section-height-default elementor-section-height-default\" data-id=\"7a19ee1\" data-element_type=\"section\">\n\t\t\t\t\t\t<div class=\"elementor-container elementor-column-gap-no\">\n\t\t\t\t\t\t\t<div class=\"elementor-row\">\n\t\t\t\t\t<div class=\"elementor-column elementor-col-100 elementor-inner-column elementor-element elementor-element-371c4441\" data-id=\"371c4441\" data-element_type=\"column\">\n\t\t\t<div class=\"elementor-column-wrap elementor-element-populated\">\n\t\t\t\t\t\t\t<div class=\"elementor-widget-wrap\">\n\t\t\t\t\t\t<div class=\"elementor-element elementor-element-14e4796c elementor-widget elementor-widget-text-editor\" data-id=\"14e4796c\" data-element_type=\"widget\" data-widget_type=\"text-editor.default\">\n\t\t\t\t<div class=\"elementor-widget-container\">\n\t\t\t\t\t\t\t\t<div class=\"elementor-text-editor elementor-clearfix\">\n\t\t\t\t\t\t\t\t\t<\/div>\n\t\t\t\t\t\t<\/div>\n\t\t\t\t<\/div>\n\t\t\t\t\t\t<\/div>\n\t\t\t\t\t<\/div>\n\t\t<\/div>\n\t\t\t\t\t\t\t\t<\/div>\n\t\t\t\t\t<\/div>\n\t\t<\/section>\n\t\t\t\t\t\t<\/div>\n\t\t\t\t\t<\/div>\n\t\t<\/div>\n\t\t\t\t\t\t\t\t<\/div>\n\t\t\t\t\t<\/div>\n\t\t<\/section>\n\t\t\t\t<section class=\"elementor-section elementor-top-section elementor-element elementor-element-79c23755 elementor-section-boxed elementor-section-height-default elementor-section-height-default\" data-id=\"79c23755\" data-element_type=\"section\" data-settings=\"{&quot;background_background&quot;:&quot;classic&quot;}\">\n\t\t\t\t\t\t<div class=\"elementor-container elementor-column-gap-no\">\n\t\t\t\t\t\t\t<div class=\"elementor-row\">\n\t\t\t\t\t<div class=\"elementor-column elementor-col-100 elementor-top-column elementor-element elementor-element-39e1062\" data-id=\"39e1062\" data-element_type=\"column\">\n\t\t\t<div class=\"elementor-column-wrap elementor-element-populated\">\n\t\t\t\t\t\t\t<div class=\"elementor-widget-wrap\">\n\t\t\t\t\t\t<div class=\"elementor-element elementor-element-1794f4ed elementor-widget elementor-widget-heading\" data-id=\"1794f4ed\" data-element_type=\"widget\" data-widget_type=\"heading.default\">\n\t\t\t\t<div class=\"elementor-widget-container\">\n\t\t\t<h2 class=\"elementor-heading-title elementor-size-default\">Le plan de masse<\/h2>\t\t<\/div>\n\t\t\t\t<\/div>\n\t\t\t\t\t\t<\/div>\n\t\t\t\t\t<\/div>\n\t\t<\/div>\n\t\t\t\t\t\t\t\t<\/div>\n\t\t\t\t\t<\/div>\n\t\t<\/section>\n\t\t\t\t<section class=\"elementor-section elementor-top-section elementor-element elementor-element-4809f5de elementor-section-boxed elementor-section-height-default elementor-section-height-default\" data-id=\"4809f5de\" data-element_type=\"section\" data-settings=\"{&quot;background_background&quot;:&quot;classic&quot;}\">\n\t\t\t\t\t\t<div class=\"elementor-container elementor-column-gap-custom\">\n\t\t\t\t\t\t\t<div class=\"elementor-row\">\n\t\t\t\t\t<div class=\"elementor-column elementor-col-100 elementor-top-column elementor-element elementor-element-38ec6c8\" data-id=\"38ec6c8\" data-element_type=\"column\">\n\t\t\t<div class=\"elementor-column-wrap elementor-element-populated\">\n\t\t\t\t\t\t\t<div class=\"elementor-widget-wrap\">\n\t\t\t\t\t\t<div class=\"elementor-element elementor-element-4b9f7553 elementor-widget elementor-widget-wpzoom-elementor-addons-team-members\" data-id=\"4b9f7553\" data-element_type=\"widget\" data-widget_type=\"wpzoom-elementor-addons-team-members.default\">\n\t\t\t\t<div class=\"elementor-widget-container\">\n\t\t\t\n\t\t\t\t\t<figure class=\"wpz-member-figure\">\n\t\t\t\t<img loading=\"lazy\" decoding=\"async\" width=\"950\" height=\"672\" src=\"https:\/\/residencelapiazza.com\/wp-content\/uploads\/2021\/12\/Plan_de_masse-1024x724.jpg\" class=\"elementor-animation-disable-animation attachment-large size-large\" alt=\"\" srcset=\"https:\/\/residencelapiazza.com\/wp-content\/uploads\/2021\/12\/Plan_de_masse-1024x724.jpg 1024w, https:\/\/residencelapiazza.com\/wp-content\/uploads\/2021\/12\/Plan_de_masse-300x212.jpg 300w, https:\/\/residencelapiazza.com\/wp-content\/uploads\/2021\/12\/Plan_de_masse-768x543.jpg 768w, https:\/\/residencelapiazza.com\/wp-content\/uploads\/2021\/12\/Plan_de_masse-1536x1086.jpg 1536w, https:\/\/residencelapiazza.com\/wp-content\/uploads\/2021\/12\/Plan_de_masse-2048x1448.jpg 2048w, https:\/\/residencelapiazza.com\/wp-content\/uploads\/2021\/12\/Plan_de_masse-2000x1414.jpg 2000w\" sizes=\"auto, 100vw\" \/>\t\t\t<\/figure>\n\t\t\n\t\t<div class=\"wpz-member-body\">\n\t\t\t\n\t\t\t\n\t\t\t\t\t\t\t<div class=\"wpz-member-bio\">\n\t\t\t\t\t<p>La Piazza comporte 220 logements, une cr\u00e8che, un jardin am\u00e9nage central, une salle de sport, des commerces et trois niveaux de parking en sous-sol<\/p>\n\t\t\t\t<\/div>\n\t\t\t\n\t\t\t\n\t\t\t\t\t\t\t<div class=\"wpz-member-links\">\n\t\t\t\t\t<a target=\"_blank\" rel=\"noopener\" href=\"https:\/\/twitter.com\/promotionlapiazza\" class=\"elementor-repeater-item-3f91eaa\"><i class=\"fa-facebook fab\" aria-hidden=\"true\"><\/i><\/a>\t\t\t\t<\/div>\n\t\t\t\n\t\t\t\t\t<\/div>\n\t\t\t\t<\/div>\n\t\t\t\t<\/div>\n\t\t\t\t\t\t<\/div>\n\t\t\t\t\t<\/div>\n\t\t<\/div>\n\t\t\t\t\t\t\t\t<\/div>\n\t\t\t\t\t<\/div>\n\t\t<\/section>\n\t\t\t\t<section class=\"elementor-section elementor-top-section elementor-element elementor-element-5c1af12d elementor-section-full_width elementor-section-height-default elementor-section-height-default\" data-id=\"5c1af12d\" data-element_type=\"section\" data-settings=\"{&quot;background_background&quot;:&quot;classic&quot;}\">\n\t\t\t\t\t\t\t<div class=\"elementor-background-overlay\"><\/div>\n\t\t\t\t\t\t\t<div class=\"elementor-container elementor-column-gap-no\">\n\t\t\t\t\t\t\t<div class=\"elementor-row\">\n\t\t\t\t\t<div class=\"elementor-column elementor-col-100 elementor-top-column elementor-element elementor-element-14518587\" data-id=\"14518587\" data-element_type=\"column\">\n\t\t\t<div class=\"elementor-column-wrap elementor-element-populated\">\n\t\t\t\t\t\t\t<div class=\"elementor-widget-wrap\">\n\t\t\t\t\t\t<section class=\"elementor-section elementor-inner-section elementor-element elementor-element-5c5beca5 elementor-section-boxed elementor-section-height-default elementor-section-height-default\" data-id=\"5c5beca5\" data-element_type=\"section\">\n\t\t\t\t\t\t<div class=\"elementor-container elementor-column-gap-default\">\n\t\t\t\t\t\t\t<div class=\"elementor-row\">\n\t\t\t\t\t<div class=\"elementor-column elementor-col-100 elementor-inner-column elementor-element elementor-element-ff6440c\" data-id=\"ff6440c\" data-element_type=\"column\">\n\t\t\t<div class=\"elementor-column-wrap elementor-element-populated\">\n\t\t\t\t\t\t\t<div class=\"elementor-widget-wrap\">\n\t\t\t\t\t\t<div class=\"elementor-element elementor-element-6e09da47 elementor-widget elementor-widget-heading\" data-id=\"6e09da47\" data-element_type=\"widget\" data-widget_type=\"heading.default\">\n\t\t\t\t<div class=\"elementor-widget-container\">\n\t\t\t<h2 class=\"elementor-heading-title elementor-size-default\">Pourquoi choisir La Piazza ?<\/h2>\t\t<\/div>\n\t\t\t\t<\/div>\n\t\t\t\t\t\t<\/div>\n\t\t\t\t\t<\/div>\n\t\t<\/div>\n\t\t\t\t\t\t\t\t<\/div>\n\t\t\t\t\t<\/div>\n\t\t<\/section>\n\t\t\t\t<section class=\"elementor-section elementor-inner-section elementor-element elementor-element-274b4e2b elementor-section-boxed elementor-section-height-default elementor-section-height-default\" data-id=\"274b4e2b\" data-element_type=\"section\">\n\t\t\t\t\t\t<div class=\"elementor-container elementor-column-gap-default\">\n\t\t\t\t\t\t\t<div class=\"elementor-row\">\n\t\t\t\t\t<div class=\"elementor-column elementor-col-33 elementor-inner-column elementor-element elementor-element-48587518\" data-id=\"48587518\" data-element_type=\"column\">\n\t\t\t<div class=\"elementor-column-wrap elementor-element-populated\">\n\t\t\t\t\t\t\t<div class=\"elementor-widget-wrap\">\n\t\t\t\t\t\t<div class=\"elementor-element elementor-element-1736ddb9 elementor-view-default elementor-position-top elementor-vertical-align-top elementor-widget elementor-widget-icon-box\" data-id=\"1736ddb9\" data-element_type=\"widget\" data-widget_type=\"icon-box.default\">\n\t\t\t\t<div class=\"elementor-widget-container\">\n\t\t\t\t\t<div class=\"elementor-icon-box-wrapper\">\n\t\t\t\t\t\t<div class=\"elementor-icon-box-icon\">\n\t\t\t\t<span class=\"elementor-icon elementor-animation-\" >\n\t\t\t\t<i aria-hidden=\"true\" class=\"fas fa-film\"><\/i>\t\t\t\t<\/span>\n\t\t\t<\/div>\n\t\t\t\t\t\t<div class=\"elementor-icon-box-content\">\n\t\t\t\t<h3 class=\"elementor-icon-box-title\">\n\t\t\t\t\t<span  >\n\t\t\t\t\t\tLe standing\t\t\t\t\t<\/span>\n\t\t\t\t<\/h3>\n\t\t\t\t\t\t\t\t\t<p class=\"elementor-icon-box-description\">\n\t\t\t\t\t\tHabiter dans un b\u00e2timent \u00e0 l'architecture esth\u00e9tique et innovante vous procure plaisir et fiert\u00e9. En plus, un design de qualit\u00e9 renforce la prise de valeur de votre bien dans le temps. \t\t\t\t\t<\/p>\n\t\t\t\t\t\t\t<\/div>\n\t\t<\/div>\n\t\t\t\t<\/div>\n\t\t\t\t<\/div>\n\t\t\t\t\t\t<\/div>\n\t\t\t\t\t<\/div>\n\t\t<\/div>\n\t\t\t\t<div class=\"elementor-column elementor-col-33 elementor-inner-column elementor-element elementor-element-7d500c49\" data-id=\"7d500c49\" data-element_type=\"column\">\n\t\t\t<div class=\"elementor-column-wrap elementor-element-populated\">\n\t\t\t\t\t\t\t<div class=\"elementor-widget-wrap\">\n\t\t\t\t\t\t<div class=\"elementor-element elementor-element-4b565a93 elementor-view-default elementor-position-top elementor-vertical-align-top elementor-widget elementor-widget-icon-box\" data-id=\"4b565a93\" data-element_type=\"widget\" data-widget_type=\"icon-box.default\">\n\t\t\t\t<div class=\"elementor-widget-container\">\n\t\t\t\t\t<div class=\"elementor-icon-box-wrapper\">\n\t\t\t\t\t\t<div class=\"elementor-icon-box-icon\">\n\t\t\t\t<span class=\"elementor-icon elementor-animation-\" >\n\t\t\t\t<i aria-hidden=\"true\" class=\"fas fa-medal\"><\/i>\t\t\t\t<\/span>\n\t\t\t<\/div>\n\t\t\t\t\t\t<div class=\"elementor-icon-box-content\">\n\t\t\t\t<h3 class=\"elementor-icon-box-title\">\n\t\t\t\t\t<span  >\n\t\t\t\t\t\tUne premi\u00e8re en Alg\u00e9rie\t\t\t\t\t<\/span>\n\t\t\t\t<\/h3>\n\t\t\t\t\t\t\t\t\t<p class=\"elementor-icon-box-description\">\n\t\t\t\t\t\tConfort de vie et optimisation des rangements ou des circulations pour lib\u00e9rer de l'espace... \nPour nous, votre qualit\u00e9 de vie est une priorit\u00e9. \t\t\t\t\t<\/p>\n\t\t\t\t\t\t\t<\/div>\n\t\t<\/div>\n\t\t\t\t<\/div>\n\t\t\t\t<\/div>\n\t\t\t\t\t\t<\/div>\n\t\t\t\t\t<\/div>\n\t\t<\/div>\n\t\t\t\t<div class=\"elementor-column elementor-col-33 elementor-inner-column elementor-element elementor-element-6ab5dd51\" data-id=\"6ab5dd51\" data-element_type=\"column\">\n\t\t\t<div class=\"elementor-column-wrap elementor-element-populated\">\n\t\t\t\t\t\t\t<div class=\"elementor-widget-wrap\">\n\t\t\t\t\t\t<div class=\"elementor-element elementor-element-56009c54 elementor-view-default elementor-position-top elementor-vertical-align-top elementor-widget elementor-widget-icon-box\" data-id=\"56009c54\" data-element_type=\"widget\" data-widget_type=\"icon-box.default\">\n\t\t\t\t<div class=\"elementor-widget-container\">\n\t\t\t\t\t<div class=\"elementor-icon-box-wrapper\">\n\t\t\t\t\t\t<div class=\"elementor-icon-box-icon\">\n\t\t\t\t<span class=\"elementor-icon elementor-animation-\" >\n\t\t\t\t<i aria-hidden=\"true\" class=\"fas fa-user-shield\"><\/i>\t\t\t\t<\/span>\n\t\t\t<\/div>\n\t\t\t\t\t\t<div class=\"elementor-icon-box-content\">\n\t\t\t\t<h3 class=\"elementor-icon-box-title\">\n\t\t\t\t\t<span  >\n\t\t\t\t\t\tPartenaire de confiance\t\t\t\t\t<\/span>\n\t\t\t\t<\/h3>\n\t\t\t\t\t\t\t\t\t<p class=\"elementor-icon-box-description\">\n\t\t\t\t\t\tNous travaillons avec chacun de nos clients dans une d\u00e9marche de transparence, cela fait partie de nos valeurs\t\t\t\t\t<\/p>\n\t\t\t\t\t\t\t<\/div>\n\t\t<\/div>\n\t\t\t\t<\/div>\n\t\t\t\t<\/div>\n\t\t\t\t\t\t<\/div>\n\t\t\t\t\t<\/div>\n\t\t<\/div>\n\t\t\t\t\t\t\t\t<\/div>\n\t\t\t\t\t<\/div>\n\t\t<\/section>\n\t\t\t\t\t\t<\/div>\n\t\t\t\t\t<\/div>\n\t\t<\/div>\n\t\t\t\t\t\t\t\t<\/div>\n\t\t\t\t\t<\/div>\n\t\t<\/section>\n\t\t\t\t<section class=\"elementor-section elementor-top-section elementor-element elementor-element-32cc1523 elementor-section-full_width elementor-section-height-default elementor-section-height-default\" data-id=\"32cc1523\" data-element_type=\"section\">\n\t\t\t\t\t\t<div class=\"elementor-container elementor-column-gap-default\">\n\t\t\t\t\t\t\t<div class=\"elementor-row\">\n\t\t\t\t\t<div class=\"elementor-column elementor-col-100 elementor-top-column elementor-element elementor-element-7f5acc2a\" data-id=\"7f5acc2a\" data-element_type=\"column\" data-settings=\"{&quot;background_background&quot;:&quot;classic&quot;}\">\n\t\t\t<div class=\"elementor-column-wrap elementor-element-populated\">\n\t\t\t\t\t\t\t<div class=\"elementor-widget-wrap\">\n\t\t\t\t\t\t<div class=\"elementor-element elementor-element-6a7652be elementor-widget elementor-widget-heading\" data-id=\"6a7652be\" data-element_type=\"widget\" data-widget_type=\"heading.default\">\n\t\t\t\t<div class=\"elementor-widget-container\">\n\t\t\t<h2 class=\"elementor-heading-title elementor-size-default\">L'emplacement<\/h2>\t\t<\/div>\n\t\t\t\t<\/div>\n\t\t\t\t<div class=\"elementor-element elementor-element-48d75f7a elementor-widget-tablet__width-inherit elementor-widget-mobile__width-inherit elementor-widget elementor-widget-text-editor\" data-id=\"48d75f7a\" data-element_type=\"widget\" data-widget_type=\"text-editor.default\">\n\t\t\t\t<div class=\"elementor-widget-container\">\n\t\t\t\t\t\t\t\t<div class=\"elementor-text-editor elementor-clearfix\">\n\t\t\t\t<p>El Bouni, Annaba<\/p>\t\t\t\t\t<\/div>\n\t\t\t\t\t\t<\/div>\n\t\t\t\t<\/div>\n\t\t\t\t<div class=\"elementor-element elementor-element-64b5a347 elementor-widget elementor-widget-google_maps\" data-id=\"64b5a347\" data-element_type=\"widget\" data-widget_type=\"google_maps.default\">\n\t\t\t\t<div class=\"elementor-widget-container\">\n\t\t\t\t\t<div class=\"elementor-custom-embed\">\n\t\t\t<iframe frameborder=\"0\" scrolling=\"no\" marginheight=\"0\" marginwidth=\"0\"\n\t\t\t\t\tsrc=\"https:\/\/maps.google.com\/maps?q=R%C3%A9sidence%20la%20piazza%2C%20el%20bouni%2C%20annaba&#038;t=m&#038;z=16&#038;output=embed&#038;iwloc=near\"\n\t\t\t\t\ttitle=\"R\u00e9sidence la piazza, el bouni, annaba\"\n\t\t\t\t\taria-label=\"R\u00e9sidence la piazza, el bouni, annaba\"\n\t\t\t><\/iframe>\n\t\t<\/div>\n\t\t\t\t<\/div>\n\t\t\t\t<\/div>\n\t\t\t\t\t\t<\/div>\n\t\t\t\t\t<\/div>\n\t\t<\/div>\n\t\t\t\t\t\t\t\t<\/div>\n\t\t\t\t\t<\/div>\n\t\t<\/section>\n\t\t\t\t\t\t<\/div>\n\t\t\t\t\t\t<\/div>\n\t\t\t\t\t<\/div>\n\t\t","protected":false},"excerpt":{"rendered":"<p>Les plans des appartements seront bient\u00f4t disponibles Le plan de masse La Piazza comporte 220 logements, une cr\u00e8che, un jardin am\u00e9nage central, une salle de sport, des commerces et trois niveaux de parking en sous-sol Pourquoi choisir La Piazza ? Le standing Habiter dans un b\u00e2timent \u00e0 l&#8217;architecture esth\u00e9tique et innovante vous procure plaisir et &hellip; <\/p>\n<p class=\"link-more\"><a href=\"https:\/\/residencelapiazza.com\/?page_id=5592\" class=\"more-link\">Read more<span class=\"screen-reader-text\"> &#8220;Les plans&#8221;<\/span><\/a><\/p>\n","protected":false},"author":1,"featured_media":0,"parent":0,"menu_order":0,"comment_status":"closed","ping_status":"closed","template":"page-templates\/full-width-builder-bb.php","meta":{"_monsterinsights_skip_tracking":false,"_monsterinsights_sitenote_active":false,"_monsterinsights_sitenote_note":"","_monsterinsights_sitenote_category":0,"footnotes":""},"class_list":["post-5592","page","type-page","status-publish","hentry"],"yoast_head":"<!-- This site is optimized with the Yoast SEO plugin v18.2 - https:\/\/yoast.com\/wordpress\/plugins\/seo\/ -->\n<title>Les plans - La Piazza<\/title>\n<meta name=\"robots\" content=\"index, follow, max-snippet:-1, max-image-preview:large, max-video-preview:-1\" \/>\n<link rel=\"canonical\" href=\"https:\/\/residencelapiazza.com\/?page_id=5592\" \/>\n<meta property=\"og:locale\" content=\"en_US\" \/>\n<meta property=\"og:type\" content=\"article\" \/>\n<meta property=\"og:title\" content=\"Les plans - La Piazza\" \/>\n<meta property=\"og:description\" content=\"Les plans des appartements seront bient\u00f4t disponibles Le plan de masse La Piazza comporte 220 logements, une cr\u00e8che, un jardin am\u00e9nage central, une salle de sport, des commerces et trois niveaux de parking en sous-sol Pourquoi choisir La Piazza ? Le standing Habiter dans un b\u00e2timent \u00e0 l&#8217;architecture esth\u00e9tique et innovante vous procure plaisir et &hellip; Read more &quot;Les plans&quot;\" \/>\n<meta property=\"og:url\" content=\"https:\/\/residencelapiazza.com\/?page_id=5592\" \/>\n<meta property=\"og:site_name\" content=\"La Piazza\" \/>\n<meta property=\"article:modified_time\" content=\"2021-12-24T13:07:53+00:00\" \/>\n<meta property=\"og:image\" content=\"https:\/\/residencelapiazza.com\/wp-content\/uploads\/PLANS\/MASSE\/Plan_de_masse.jpg\" \/>\n<meta name=\"twitter:card\" content=\"summary_large_image\" \/>\n<meta name=\"twitter:label1\" content=\"Est. reading time\" \/>\n\t<meta name=\"twitter:data1\" content=\"3 minutes\" \/>\n<script type=\"application\/ld+json\" class=\"yoast-schema-graph\">{\"@context\":\"https:\/\/schema.org\",\"@graph\":[{\"@type\":\"Organization\",\"@id\":\"https:\/\/residencelapiazza.com\/#organization\",\"name\":\"La Piazza - R\u00e9sidence La Piazza\",\"url\":\"https:\/\/residencelapiazza.com\/\",\"sameAs\":[],\"logo\":{\"@type\":\"ImageObject\",\"@id\":\"https:\/\/residencelapiazza.com\/#logo\",\"inLanguage\":\"en-US\",\"url\":\"https:\/\/residencelapiazza.com\/wp-content\/uploads\/LOGOS\/cropped-logo_snc_ghimouz_immo.png\",\"contentUrl\":\"https:\/\/residencelapiazza.com\/wp-content\/uploads\/LOGOS\/cropped-logo_snc_ghimouz_immo.png\",\"width\":1175,\"height\":400,\"caption\":\"La Piazza - R\u00e9sidence La Piazza\"},\"image\":{\"@id\":\"https:\/\/residencelapiazza.com\/#logo\"}},{\"@type\":\"WebSite\",\"@id\":\"https:\/\/residencelapiazza.com\/#website\",\"url\":\"https:\/\/residencelapiazza.com\/\",\"name\":\"La Piazza\",\"description\":\"R\u00e9sidence La Piazza\",\"publisher\":{\"@id\":\"https:\/\/residencelapiazza.com\/#organization\"},\"potentialAction\":[{\"@type\":\"SearchAction\",\"target\":{\"@type\":\"EntryPoint\",\"urlTemplate\":\"https:\/\/residencelapiazza.com\/?s={search_term_string}\"},\"query-input\":\"required name=search_term_string\"}],\"inLanguage\":\"en-US\"},{\"@type\":\"ImageObject\",\"@id\":\"https:\/\/residencelapiazza.com\/?page_id=5592#primaryimage\",\"inLanguage\":\"en-US\",\"url\":\"https:\/\/residencelapiazza.com\/wp-content\/uploads\/PLANS\/MASSE\/Plan_de_masse.jpg\",\"contentUrl\":\"https:\/\/residencelapiazza.com\/wp-content\/uploads\/PLANS\/MASSE\/Plan_de_masse.jpg\"},{\"@type\":\"WebPage\",\"@id\":\"https:\/\/residencelapiazza.com\/?page_id=5592#webpage\",\"url\":\"https:\/\/residencelapiazza.com\/?page_id=5592\",\"name\":\"Les plans - La Piazza\",\"isPartOf\":{\"@id\":\"https:\/\/residencelapiazza.com\/#website\"},\"primaryImageOfPage\":{\"@id\":\"https:\/\/residencelapiazza.com\/?page_id=5592#primaryimage\"},\"datePublished\":\"2016-12-05T09:17:34+00:00\",\"dateModified\":\"2021-12-24T13:07:53+00:00\",\"breadcrumb\":{\"@id\":\"https:\/\/residencelapiazza.com\/?page_id=5592#breadcrumb\"},\"inLanguage\":\"en-US\",\"potentialAction\":[{\"@type\":\"ReadAction\",\"target\":[\"https:\/\/residencelapiazza.com\/?page_id=5592\"]}]},{\"@type\":\"BreadcrumbList\",\"@id\":\"https:\/\/residencelapiazza.com\/?page_id=5592#breadcrumb\",\"itemListElement\":[{\"@type\":\"ListItem\",\"position\":1,\"name\":\"Home\",\"item\":\"https:\/\/residencelapiazza.com\/\"},{\"@type\":\"ListItem\",\"position\":2,\"name\":\"Les plans\"}]}]}<\/script>\n<!-- \/ Yoast SEO plugin. -->","yoast_head_json":{"title":"Les plans - La Piazza","robots":{"index":"index","follow":"follow","max-snippet":"max-snippet:-1","max-image-preview":"max-image-preview:large","max-video-preview":"max-video-preview:-1"},"canonical":"https:\/\/residencelapiazza.com\/?page_id=5592","og_locale":"en_US","og_type":"article","og_title":"Les plans - La Piazza","og_description":"Les plans des appartements seront bient\u00f4t disponibles Le plan de masse La Piazza comporte 220 logements, une cr\u00e8che, un jardin am\u00e9nage central, une salle de sport, des commerces et trois niveaux de parking en sous-sol Pourquoi choisir La Piazza ? Le standing Habiter dans un b\u00e2timent \u00e0 l&#8217;architecture esth\u00e9tique et innovante vous procure plaisir et &hellip; Read more \"Les plans\"","og_url":"https:\/\/residencelapiazza.com\/?page_id=5592","og_site_name":"La Piazza","article_modified_time":"2021-12-24T13:07:53+00:00","og_image":[{"url":"https:\/\/residencelapiazza.com\/wp-content\/uploads\/PLANS\/MASSE\/Plan_de_masse.jpg"}],"twitter_card":"summary_large_image","twitter_misc":{"Est. reading time":"3 minutes"},"schema":{"@context":"https:\/\/schema.org","@graph":[{"@type":"Organization","@id":"https:\/\/residencelapiazza.com\/#organization","name":"La Piazza - R\u00e9sidence La Piazza","url":"https:\/\/residencelapiazza.com\/","sameAs":[],"logo":{"@type":"ImageObject","@id":"https:\/\/residencelapiazza.com\/#logo","inLanguage":"en-US","url":"https:\/\/residencelapiazza.com\/wp-content\/uploads\/LOGOS\/cropped-logo_snc_ghimouz_immo.png","contentUrl":"https:\/\/residencelapiazza.com\/wp-content\/uploads\/LOGOS\/cropped-logo_snc_ghimouz_immo.png","width":1175,"height":400,"caption":"La Piazza - R\u00e9sidence La Piazza"},"image":{"@id":"https:\/\/residencelapiazza.com\/#logo"}},{"@type":"WebSite","@id":"https:\/\/residencelapiazza.com\/#website","url":"https:\/\/residencelapiazza.com\/","name":"La Piazza","description":"R\u00e9sidence La Piazza","publisher":{"@id":"https:\/\/residencelapiazza.com\/#organization"},"potentialAction":[{"@type":"SearchAction","target":{"@type":"EntryPoint","urlTemplate":"https:\/\/residencelapiazza.com\/?s={search_term_string}"},"query-input":"required name=search_term_string"}],"inLanguage":"en-US"},{"@type":"ImageObject","@id":"https:\/\/residencelapiazza.com\/?page_id=5592#primaryimage","inLanguage":"en-US","url":"https:\/\/residencelapiazza.com\/wp-content\/uploads\/PLANS\/MASSE\/Plan_de_masse.jpg","contentUrl":"https:\/\/residencelapiazza.com\/wp-content\/uploads\/PLANS\/MASSE\/Plan_de_masse.jpg"},{"@type":"WebPage","@id":"https:\/\/residencelapiazza.com\/?page_id=5592#webpage","url":"https:\/\/residencelapiazza.com\/?page_id=5592","name":"Les plans - La Piazza","isPartOf":{"@id":"https:\/\/residencelapiazza.com\/#website"},"primaryImageOfPage":{"@id":"https:\/\/residencelapiazza.com\/?page_id=5592#primaryimage"},"datePublished":"2016-12-05T09:17:34+00:00","dateModified":"2021-12-24T13:07:53+00:00","breadcrumb":{"@id":"https:\/\/residencelapiazza.com\/?page_id=5592#breadcrumb"},"inLanguage":"en-US","potentialAction":[{"@type":"ReadAction","target":["https:\/\/residencelapiazza.com\/?page_id=5592"]}]},{"@type":"BreadcrumbList","@id":"https:\/\/residencelapiazza.com\/?page_id=5592#breadcrumb","itemListElement":[{"@type":"ListItem","position":1,"name":"Home","item":"https:\/\/residencelapiazza.com\/"},{"@type":"ListItem","position":2,"name":"Les plans"}]}]}},"_links":{"self":[{"href":"https:\/\/residencelapiazza.com\/index.php?rest_route=\/wp\/v2\/pages\/5592","targetHints":{"allow":["GET"]}}],"collection":[{"href":"https:\/\/residencelapiazza.com\/index.php?rest_route=\/wp\/v2\/pages"}],"about":[{"href":"https:\/\/residencelapiazza.com\/index.php?rest_route=\/wp\/v2\/types\/page"}],"author":[{"embeddable":true,"href":"https:\/\/residencelapiazza.com\/index.php?rest_route=\/wp\/v2\/users\/1"}],"replies":[{"embeddable":true,"href":"https:\/\/residencelapiazza.com\/index.php?rest_route=%2Fwp%2Fv2%2Fcomments&post=5592"}],"version-history":[{"count":17,"href":"https:\/\/residencelapiazza.com\/index.php?rest_route=\/wp\/v2\/pages\/5592\/revisions"}],"predecessor-version":[{"id":6994,"href":"https:\/\/residencelapiazza.com\/index.php?rest_route=\/wp\/v2\/pages\/5592\/revisions\/6994"}],"wp:attachment":[{"href":"https:\/\/residencelapiazza.com\/index.php?rest_route=%2Fwp%2Fv2%2Fmedia&parent=5592"}],"curies":[{"name":"wp","href":"https:\/\/api.w.org\/{rel}","templated":true}]}}